{"id":8883,"date":"2021-05-05T04:53:16","date_gmt":"2021-05-05T04:53:16","guid":{"rendered":"https:\/\/sofide.org\/v\/?page_id=8883"},"modified":"2021-05-05T04:53:54","modified_gmt":"2021-05-05T04:53:54","slug":"objet-social","status":"publish","type":"page","link":"https:\/\/sofide.org\/v\/objet-social\/","title":{"rendered":"Objet social"},"content":{"rendered":"<p>[vc_row full_width=&#8221;stretch_row&#8221; css=&#8221;.vc_custom_1538810623537{margin-top: 0px !important;margin-bottom: 0px !important;padding-top: 70px !important;padding-bottom: 40px !important;background-color: #ffffff !important;}&#8221;][vc_column width=&#8221;7\/12&#8243; css=&#8221;.vc_custom_1538810524253{margin-top: -8px !important;margin-bottom: 0px !important;padding-top: 0px !important;padding-bottom: 0px !important;}&#8221;][vc_custom_heading text=&#8221;Objet social&#8221; font_container=&#8221;tag:h2|font_size:20px|text_align:left|line_height:40px&#8221; use_theme_fonts=&#8221;yes&#8221; el_class=&#8221;font-weight-bold&#8221; css=&#8221;.vc_custom_1617850757344{margin-top: 0px !important;margin-bottom: 15px !important;}&#8221;][vc_column_text css=&#8221;.vc_custom_1620002821926{margin-top: 0px !important;margin-bottom: 20px !important;}&#8221;]Concourir techniquement et financi\u00e8rement au d\u00e9veloppement de la R\u00e9publique D\u00e9mocratique du Congo (RDC) en favorisant la cr\u00e9ation, l\u2019extension ou la modernisation des entreprises industrielles, agricoles ou autres \u00e9tablies en RDC, qu\u2019elles rel\u00e8vent du secteur public, priv\u00e9 ou mixte, qu\u2019elles soient nationales ou \u00e9trang\u00e8res.[\/vc_column_text][\/vc_column][vc_column css_animation=&#8221;fadeInUp&#8221; width=&#8221;5\/12&#8243; css=&#8221;.vc_custom_1538810514815{margin-top: 0px !important;margin-bottom: 0px !important;padding-top: 0px !important;padding-bottom: 0px !important;}&#8221;][vc_single_image image=&#8221;722&#8243; img_size=&#8221;full&#8221;][\/vc_column][\/vc_row]<\/p>\n","protected":false},"excerpt":{"rendered":"<p>[vc_row full_width=&#8221;stretch_row&#8221; css=&#8221;.vc_custom_1538810623537{margin-top: 0px !important;margin-bottom: 0px !important;padding-top: 70px !important;padding-bottom: 40px !important;background-color: #ffffff !important;}&#8221;][vc_column width=&#8221;7\/12&#8243; css=&#8221;.vc_custom_1538810524253{margin-top: -8px !important;margin-bottom: 0px !important;padding-top: 0px !important;padding-bottom: 0px !important;}&#8221;][vc_custom_heading text=&#8221;Objet social&#8221; font_container=&#8221;tag:h2|font_size:20px|text_align:left|line_height:40px&#8221; use_theme_fonts=&#8221;yes&#8221; el_class=&#8221;font-weight-bold&#8221; css=&#8221;.vc_custom_1617850757344{margin-top: 0px !important;margin-bottom: 15px !important;}&#8221;][vc_column_text css=&#8221;.vc_custom_1620002821926{margin-top: 0px !important;margin-bottom: 20px !important;}&#8221;]Concourir techniquement et financi\u00e8rement au d\u00e9veloppement de la R\u00e9publique D\u00e9mocratique du Congo (RDC) en favorisant la cr\u00e9ation, l\u2019extension [&hellip;]<\/p>\n","protected":false},"author":1,"featured_media":8539,"parent":0,"menu_order":0,"comment_status":"closed","ping_status":"closed","template":"","meta":[],"featured_image_urls":{"full":["https:\/\/sofide.org\/v\/wp-content\/uploads\/2021\/04\/maf-scaled.jpg",2560,1707,false],"thumbnail":["https:\/\/sofide.org\/v\/wp-content\/uploads\/2021\/04\/maf-150x150.jpg",150,150,true],"medium":["https:\/\/sofide.org\/v\/wp-content\/uploads\/2021\/04\/maf-300x200.jpg",300,200,true],"medium_large":["https:\/\/sofide.org\/v\/wp-content\/uploads\/2021\/04\/maf-768x512.jpg",640,427,true],"large":["https:\/\/sofide.org\/v\/wp-content\/uploads\/2021\/04\/maf-1024x683.jpg",640,427,true],"1536x1536":["https:\/\/sofide.org\/v\/wp-content\/uploads\/2021\/04\/maf-1536x1024.jpg",1536,1024,true],"2048x2048":["https:\/\/sofide.org\/v\/wp-content\/uploads\/2021\/04\/maf-2048x1365.jpg",2048,1365,true],"woocommerce_thumbnail":["https:\/\/sofide.org\/v\/wp-content\/uploads\/2021\/04\/maf-300x300.jpg",300,300,true],"woocommerce_single":["https:\/\/sofide.org\/v\/wp-content\/uploads\/2021\/04\/maf-600x400.jpg",600,400,true],"woocommerce_gallery_thumbnail":["https:\/\/sofide.org\/v\/wp-content\/uploads\/2021\/04\/maf-100x100.jpg",100,100,true],"shop_catalog":["https:\/\/sofide.org\/v\/wp-content\/uploads\/2021\/04\/maf-300x300.jpg",300,300,true],"shop_single":["https:\/\/sofide.org\/v\/wp-content\/uploads\/2021\/04\/maf-600x400.jpg",600,400,true],"shop_thumbnail":["https:\/\/sofide.org\/v\/wp-content\/uploads\/2021\/04\/maf-100x100.jpg",100,100,true]},"post_excerpt_stackable":"<p>[vc_row full_width=&#8221;stretch_row&#8221; css=&#8221;.vc_custom_1538810623537{margin-top: 0px !important;margin-bottom: 0px !important;padding-top: 70px !important;padding-bottom: 40px !important;background-color: #ffffff !important;}&#8221;][vc_column width=&#8221;7\/12&#8243; css=&#8221;.vc_custom_1538810524253{margin-top: -8px !important;margin-bottom: 0px !important;padding-top: 0px !important;padding-bottom: 0px !important;}&#8221;][vc_custom_heading text=&#8221;Objet social&#8221; font_container=&#8221;tag:h2|font_size:20px|text_align:left|line_height:40px&#8221; use_theme_fonts=&#8221;yes&#8221; el_class=&#8221;font-weight-bold&#8221; css=&#8221;.vc_custom_1617850757344{margin-top: 0px !important;margin-bottom: 15px !important;}&#8221;][vc_column_text css=&#8221;.vc_custom_1620002821926{margin-top: 0px !important;margin-bottom: 20px !important;}&#8221;]Concourir techniquement et financi\u00e8rement au d\u00e9veloppement de la R\u00e9publique D\u00e9mocratique du Congo (RDC) en favorisant la cr\u00e9ation, l\u2019extension ou la modernisation des entreprises industrielles, agricoles ou autres \u00e9tablies en RDC, qu\u2019elles rel\u00e8vent du secteur public, priv\u00e9 ou mixte, qu\u2019elles soient nationales ou \u00e9trang\u00e8res.[\/vc_column_text][\/vc_column][vc_column css_animation=&#8221;fadeInUp&#8221; width=&#8221;5\/12&#8243; css=&#8221;.vc_custom_1538810514815{margin-top: 0px !important;margin-bottom: 0px !important;padding-top: 0px !important;padding-bottom: 0px !important;}&#8221;][vc_single_image image=&#8221;722&#8243; img_size=&#8221;full&#8221;][\/vc_column][\/vc_row]<\/p>\n","category_list":"","author_info":{"name":"admin","url":"https:\/\/sofide.org\/v\/author\/admin\/"},"comments_num":"0 comments","_links":{"self":[{"href":"https:\/\/sofide.org\/v\/wp-json\/wp\/v2\/pages\/8883"}],"collection":[{"href":"https:\/\/sofide.org\/v\/wp-json\/wp\/v2\/pages"}],"about":[{"href":"https:\/\/sofide.org\/v\/wp-json\/wp\/v2\/types\/page"}],"author":[{"embeddable":true,"href":"https:\/\/sofide.org\/v\/wp-json\/wp\/v2\/users\/1"}],"replies":[{"embeddable":true,"href":"https:\/\/sofide.org\/v\/wp-json\/wp\/v2\/comments?post=8883"}],"version-history":[{"count":1,"href":"https:\/\/sofide.org\/v\/wp-json\/wp\/v2\/pages\/8883\/revisions"}],"predecessor-version":[{"id":8884,"href":"https:\/\/sofide.org\/v\/wp-json\/wp\/v2\/pages\/8883\/revisions\/8884"}],"wp:featuredmedia":[{"embeddable":true,"href":"https:\/\/sofide.org\/v\/wp-json\/wp\/v2\/media\/8539"}],"wp:attachment":[{"href":"https:\/\/sofide.org\/v\/wp-json\/wp\/v2\/media?parent=8883"}],"curies":[{"name":"wp","href":"https:\/\/api.w.org\/{rel}","templated":true}]}}