{"id":8880,"date":"2021-05-05T04:51:48","date_gmt":"2021-05-05T04:51:48","guid":{"rendered":"https:\/\/sofide.org\/v\/?page_id=8880"},"modified":"2021-05-05T04:51:57","modified_gmt":"2021-05-05T04:51:57","slug":"qui-sommes-nous","status":"publish","type":"page","link":"https:\/\/sofide.org\/v\/qui-sommes-nous\/","title":{"rendered":"Qui sommes-nous ?"},"content":{"rendered":"<p>[vc_row full_width=&#8221;stretch_row&#8221; css=&#8221;.vc_custom_1538810623537{margin-top: 0px !important;margin-bottom: 0px !important;padding-top: 70px !important;padding-bottom: 40px !important;background-color: #ffffff !important;}&#8221;][vc_column width=&#8221;7\/12&#8243; css=&#8221;.vc_custom_1538810524253{margin-top: -8px !important;margin-bottom: 0px !important;padding-top: 0px !important;padding-bottom: 0px !important;}&#8221;][vc_custom_heading text=&#8221;Qui sommes-nous ?&#8221; font_container=&#8221;tag:h2|font_size:20px|text_align:left|line_height:40px&#8221; use_theme_fonts=&#8221;yes&#8221; el_class=&#8221;font-weight-bold&#8221; css=&#8221;.vc_custom_1617850745073{margin-top: 0px !important;margin-bottom: 15px !important;}&#8221;][vc_column_text css=&#8221;.vc_custom_1620002782036{margin-top: 0px !important;margin-bottom: 20px !important;}&#8221;]La Soci\u00e9t\u00e9 Financi\u00e8re de D\u00e9veloppement en abr\u00e9g\u00e9 \u00ab SOFIDE S.A\u00bb est une institution financi\u00e8re de droit Congolais cr\u00e9\u00e9e en 1970 suite \u00e0 l\u2019action conjointe de l\u2019Etat Congolais, de la Banque Centrale du Congo, du Groupe de la Banque Mondiale et des entreprises priv\u00e9es.<\/p>\n<p>Elle est la premi\u00e8re et la plus importante banque de D\u00e9veloppement en R\u00e9publique D\u00e9mocratique du Congo.[\/vc_column_text][\/vc_column][vc_column css_animation=&#8221;fadeInUp&#8221; width=&#8221;5\/12&#8243; css=&#8221;.vc_custom_1538810514815{margin-top: 0px !important;margin-bottom: 0px !important;padding-top: 0px !important;padding-bottom: 0px !important;}&#8221;][vc_single_image image=&#8221;722&#8243; img_size=&#8221;full&#8221;][\/vc_column][\/vc_row]<\/p>\n","protected":false},"excerpt":{"rendered":"<p>[vc_row full_width=&#8221;stretch_row&#8221; css=&#8221;.vc_custom_1538810623537{margin-top: 0px !important;margin-bottom: 0px !important;padding-top: 70px !important;padding-bottom: 40px !important;background-color: #ffffff !important;}&#8221;][vc_column width=&#8221;7\/12&#8243; css=&#8221;.vc_custom_1538810524253{margin-top: -8px !important;margin-bottom: 0px !important;padding-top: 0px !important;padding-bottom: 0px !important;}&#8221;][vc_custom_heading text=&#8221;Qui sommes-nous ?&#8221; font_container=&#8221;tag:h2|font_size:20px|text_align:left|line_height:40px&#8221; use_theme_fonts=&#8221;yes&#8221; el_class=&#8221;font-weight-bold&#8221; css=&#8221;.vc_custom_1617850745073{margin-top: 0px !important;margin-bottom: 15px !important;}&#8221;][vc_column_text css=&#8221;.vc_custom_1620002782036{margin-top: 0px !important;margin-bottom: 20px !important;}&#8221;]La Soci\u00e9t\u00e9 Financi\u00e8re de D\u00e9veloppement en abr\u00e9g\u00e9 \u00ab SOFIDE S.A\u00bb est une institution financi\u00e8re de droit Congolais [&hellip;]<\/p>\n","protected":false},"author":1,"featured_media":8539,"parent":0,"menu_order":0,"comment_status":"closed","ping_status":"closed","template":"","meta":[],"featured_image_urls":{"full":["https:\/\/sofide.org\/v\/wp-content\/uploads\/2021\/04\/maf-scaled.jpg",2560,1707,false],"thumbnail":["https:\/\/sofide.org\/v\/wp-content\/uploads\/2021\/04\/maf-150x150.jpg",150,150,true],"medium":["https:\/\/sofide.org\/v\/wp-content\/uploads\/2021\/04\/maf-300x200.jpg",300,200,true],"medium_large":["https:\/\/sofide.org\/v\/wp-content\/uploads\/2021\/04\/maf-768x512.jpg",640,427,true],"large":["https:\/\/sofide.org\/v\/wp-content\/uploads\/2021\/04\/maf-1024x683.jpg",640,427,true],"1536x1536":["https:\/\/sofide.org\/v\/wp-content\/uploads\/2021\/04\/maf-1536x1024.jpg",1536,1024,true],"2048x2048":["https:\/\/sofide.org\/v\/wp-content\/uploads\/2021\/04\/maf-2048x1365.jpg",2048,1365,true],"woocommerce_thumbnail":["https:\/\/sofide.org\/v\/wp-content\/uploads\/2021\/04\/maf-300x300.jpg",300,300,true],"woocommerce_single":["https:\/\/sofide.org\/v\/wp-content\/uploads\/2021\/04\/maf-600x400.jpg",600,400,true],"woocommerce_gallery_thumbnail":["https:\/\/sofide.org\/v\/wp-content\/uploads\/2021\/04\/maf-100x100.jpg",100,100,true],"shop_catalog":["https:\/\/sofide.org\/v\/wp-content\/uploads\/2021\/04\/maf-300x300.jpg",300,300,true],"shop_single":["https:\/\/sofide.org\/v\/wp-content\/uploads\/2021\/04\/maf-600x400.jpg",600,400,true],"shop_thumbnail":["https:\/\/sofide.org\/v\/wp-content\/uploads\/2021\/04\/maf-100x100.jpg",100,100,true]},"post_excerpt_stackable":"<p>[vc_row full_width=&#8221;stretch_row&#8221; css=&#8221;.vc_custom_1538810623537{margin-top: 0px !important;margin-bottom: 0px !important;padding-top: 70px !important;padding-bottom: 40px !important;background-color: #ffffff !important;}&#8221;][vc_column width=&#8221;7\/12&#8243; css=&#8221;.vc_custom_1538810524253{margin-top: -8px !important;margin-bottom: 0px !important;padding-top: 0px !important;padding-bottom: 0px !important;}&#8221;][vc_custom_heading text=&#8221;Qui sommes-nous ?&#8221; font_container=&#8221;tag:h2|font_size:20px|text_align:left|line_height:40px&#8221; use_theme_fonts=&#8221;yes&#8221; el_class=&#8221;font-weight-bold&#8221; css=&#8221;.vc_custom_1617850745073{margin-top: 0px !important;margin-bottom: 15px !important;}&#8221;][vc_column_text css=&#8221;.vc_custom_1620002782036{margin-top: 0px !important;margin-bottom: 20px !important;}&#8221;]La Soci\u00e9t\u00e9 Financi\u00e8re de D\u00e9veloppement en abr\u00e9g\u00e9 \u00ab SOFIDE S.A\u00bb est une institution financi\u00e8re de droit Congolais cr\u00e9\u00e9e en 1970 suite \u00e0 l\u2019action conjointe de l\u2019Etat Congolais, de la Banque Centrale du Congo, du Groupe de la Banque Mondiale et des entreprises priv\u00e9es. Elle est la premi\u00e8re et la plus importante banque de D\u00e9veloppement en R\u00e9publique D\u00e9mocratique du Congo.[\/vc_column_text][\/vc_column][vc_column css_animation=&#8221;fadeInUp&#8221; width=&#8221;5\/12&#8243; css=&#8221;.vc_custom_1538810514815{margin-top:\u2026<\/p>\n","category_list":"","author_info":{"name":"admin","url":"https:\/\/sofide.org\/v\/author\/admin\/"},"comments_num":"0 comments","_links":{"self":[{"href":"https:\/\/sofide.org\/v\/wp-json\/wp\/v2\/pages\/8880"}],"collection":[{"href":"https:\/\/sofide.org\/v\/wp-json\/wp\/v2\/pages"}],"about":[{"href":"https:\/\/sofide.org\/v\/wp-json\/wp\/v2\/types\/page"}],"author":[{"embeddable":true,"href":"https:\/\/sofide.org\/v\/wp-json\/wp\/v2\/users\/1"}],"replies":[{"embeddable":true,"href":"https:\/\/sofide.org\/v\/wp-json\/wp\/v2\/comments?post=8880"}],"version-history":[{"count":1,"href":"https:\/\/sofide.org\/v\/wp-json\/wp\/v2\/pages\/8880\/revisions"}],"predecessor-version":[{"id":8881,"href":"https:\/\/sofide.org\/v\/wp-json\/wp\/v2\/pages\/8880\/revisions\/8881"}],"wp:featuredmedia":[{"embeddable":true,"href":"https:\/\/sofide.org\/v\/wp-json\/wp\/v2\/media\/8539"}],"wp:attachment":[{"href":"https:\/\/sofide.org\/v\/wp-json\/wp\/v2\/media?parent=8880"}],"curies":[{"name":"wp","href":"https:\/\/api.w.org\/{rel}","templated":true}]}}