{"id":8616,"date":"2021-04-06T05:40:36","date_gmt":"2021-04-06T05:40:36","guid":{"rendered":"https:\/\/sofide.org\/v\/?page_id=8616"},"modified":"2021-05-03T01:09:19","modified_gmt":"2021-05-03T01:09:19","slug":"principaux-criteres-de-selection-des-projets","status":"publish","type":"page","link":"https:\/\/sofide.org\/v\/principaux-criteres-de-selection-des-projets\/","title":{"rendered":"Principaux crit\u00e8res de s\u00e9lection des projets"},"content":{"rendered":"<p>[vc_row full_width=&#8221;stretch_row&#8221; css=&#8221;.vc_custom_1538810623537{margin-top: 0px !important;margin-bottom: 0px !important;padding-top: 70px !important;padding-bottom: 40px !important;background-color: #ffffff !important;}&#8221;][vc_column width=&#8221;7\/12&#8243; css=&#8221;.vc_custom_1538810524253{margin-top: -8px !important;margin-bottom: 0px !important;padding-top: 0px !important;padding-bottom: 0px !important;}&#8221;][vc_custom_heading text=&#8221;Principaux crit\u00e8res de s\u00e9lection des projets&#8221; font_container=&#8221;tag:h1|font_size:30px|text_align:left|line_height:40px&#8221; use_theme_fonts=&#8221;yes&#8221; el_class=&#8221;font-weight-bold&#8221; css=&#8221;.vc_custom_1617687552014{margin-top: 0px !important;margin-bottom: 15px !important;}&#8221;][vc_column_text css=&#8221;.vc_custom_1620004154075{margin-top: 0px !important;margin-bottom: 20px !important;}&#8221;]Figurent sur la liste :<\/p>\n<p>\u2022 la situation juridique de l\u2019entreprise ;<br \/>\n\u2022 l\u2019exp\u00e9rience \u00e9prouv\u00e9e de l\u2019entreprise dans le secteur d\u2019activit\u00e9 cibl\u00e9 par le projet ;<br \/>\n\u2022 la capacit\u00e9 organisationnelle de l\u2019entreprise ;<br \/>\n\u2022 la capacit\u00e9 d\u2019autofinancement ;<br \/>\n\u2022 l\u2019existence des sources d\u2019approvisionnement en mati\u00e8res premi\u00e8res et des march\u00e9s d\u2019\u00e9coulement de la production ;<br \/>\n\u2022 la technologie de mise en \u0153uvre choisie (proc\u00e9d\u00e9 de fabrication, performances techniques de l\u2019\u00e9quipement, disponibilit\u00e9 en pi\u00e8ces de rechange, etc\u2026) ;<br \/>\n\u2022 la rentabilit\u00e9 (financi\u00e8re et \u00e9conomique) attendue du projet ;<br \/>\n\u2022 la justification \u00e9conomique et sociale du projet ;<br \/>\n\u2022 la solidit\u00e9 des garanties (hypoth\u00e8que, aval, caution\u2026) \u00e0 mettre en place.[\/vc_column_text][\/vc_column][vc_column css_animation=&#8221;fadeInUp&#8221; width=&#8221;5\/12&#8243; css=&#8221;.vc_custom_1538810514815{margin-top: 0px !important;margin-bottom: 0px !important;padding-top: 0px !important;padding-bottom: 0px !important;}&#8221;][vc_single_image image=&#8221;8533&#8243; img_size=&#8221;full&#8221;][\/vc_column][\/vc_row]<\/p>\n","protected":false},"excerpt":{"rendered":"<p>[vc_row full_width=&#8221;stretch_row&#8221; css=&#8221;.vc_custom_1538810623537{margin-top: 0px !important;margin-bottom: 0px !important;padding-top: 70px !important;padding-bottom: 40px !important;background-color: #ffffff !important;}&#8221;][vc_column width=&#8221;7\/12&#8243; css=&#8221;.vc_custom_1538810524253{margin-top: -8px !important;margin-bottom: 0px !important;padding-top: 0px !important;padding-bottom: 0px !important;}&#8221;][vc_custom_heading text=&#8221;Principaux crit\u00e8res de s\u00e9lection des projets&#8221; font_container=&#8221;tag:h1|font_size:30px|text_align:left|line_height:40px&#8221; use_theme_fonts=&#8221;yes&#8221; el_class=&#8221;font-weight-bold&#8221; css=&#8221;.vc_custom_1617687552014{margin-top: 0px !important;margin-bottom: 15px !important;}&#8221;][vc_column_text css=&#8221;.vc_custom_1620004154075{margin-top: 0px !important;margin-bottom: 20px !important;}&#8221;]Figurent sur la liste : \u2022 la situation juridique de l\u2019entreprise ; \u2022 l\u2019exp\u00e9rience [&hellip;]<\/p>\n","protected":false},"author":1,"featured_media":8539,"parent":0,"menu_order":0,"comment_status":"closed","ping_status":"closed","template":"","meta":[],"featured_image_urls":{"full":["https:\/\/sofide.org\/v\/wp-content\/uploads\/2021\/04\/maf-scaled.jpg",2560,1707,false],"thumbnail":["https:\/\/sofide.org\/v\/wp-content\/uploads\/2021\/04\/maf-150x150.jpg",150,150,true],"medium":["https:\/\/sofide.org\/v\/wp-content\/uploads\/2021\/04\/maf-300x200.jpg",300,200,true],"medium_large":["https:\/\/sofide.org\/v\/wp-content\/uploads\/2021\/04\/maf-768x512.jpg",640,427,true],"large":["https:\/\/sofide.org\/v\/wp-content\/uploads\/2021\/04\/maf-1024x683.jpg",640,427,true],"1536x1536":["https:\/\/sofide.org\/v\/wp-content\/uploads\/2021\/04\/maf-1536x1024.jpg",1536,1024,true],"2048x2048":["https:\/\/sofide.org\/v\/wp-content\/uploads\/2021\/04\/maf-2048x1365.jpg",2048,1365,true],"woocommerce_thumbnail":["https:\/\/sofide.org\/v\/wp-content\/uploads\/2021\/04\/maf-300x300.jpg",300,300,true],"woocommerce_single":["https:\/\/sofide.org\/v\/wp-content\/uploads\/2021\/04\/maf-600x400.jpg",600,400,true],"woocommerce_gallery_thumbnail":["https:\/\/sofide.org\/v\/wp-content\/uploads\/2021\/04\/maf-100x100.jpg",100,100,true],"shop_catalog":["https:\/\/sofide.org\/v\/wp-content\/uploads\/2021\/04\/maf-300x300.jpg",300,300,true],"shop_single":["https:\/\/sofide.org\/v\/wp-content\/uploads\/2021\/04\/maf-600x400.jpg",600,400,true],"shop_thumbnail":["https:\/\/sofide.org\/v\/wp-content\/uploads\/2021\/04\/maf-100x100.jpg",100,100,true]},"post_excerpt_stackable":"<p>[vc_row full_width=&#8221;stretch_row&#8221; css=&#8221;.vc_custom_1538810623537{margin-top: 0px !important;margin-bottom: 0px !important;padding-top: 70px !important;padding-bottom: 40px !important;background-color: #ffffff !important;}&#8221;][vc_column width=&#8221;7\/12&#8243; css=&#8221;.vc_custom_1538810524253{margin-top: -8px !important;margin-bottom: 0px !important;padding-top: 0px !important;padding-bottom: 0px !important;}&#8221;][vc_custom_heading text=&#8221;Principaux crit\u00e8res de s\u00e9lection des projets&#8221; font_container=&#8221;tag:h1|font_size:30px|text_align:left|line_height:40px&#8221; use_theme_fonts=&#8221;yes&#8221; el_class=&#8221;font-weight-bold&#8221; css=&#8221;.vc_custom_1617687552014{margin-top: 0px !important;margin-bottom: 15px !important;}&#8221;][vc_column_text css=&#8221;.vc_custom_1620004154075{margin-top: 0px !important;margin-bottom: 20px !important;}&#8221;]Figurent sur la liste : \u2022 la situation juridique de l\u2019entreprise ; \u2022 l\u2019exp\u00e9rience \u00e9prouv\u00e9e de l\u2019entreprise dans le secteur d\u2019activit\u00e9 cibl\u00e9 par le projet ; \u2022 la capacit\u00e9 organisationnelle de l\u2019entreprise ; \u2022 la capacit\u00e9 d\u2019autofinancement ; \u2022 l\u2019existence des sources d\u2019approvisionnement en mati\u00e8res premi\u00e8res et des march\u00e9s d\u2019\u00e9coulement de la production ; \u2022 la technologie de mise\u2026<\/p>\n","category_list":"","author_info":{"name":"admin","url":"https:\/\/sofide.org\/v\/author\/admin\/"},"comments_num":"0 comments","_links":{"self":[{"href":"https:\/\/sofide.org\/v\/wp-json\/wp\/v2\/pages\/8616"}],"collection":[{"href":"https:\/\/sofide.org\/v\/wp-json\/wp\/v2\/pages"}],"about":[{"href":"https:\/\/sofide.org\/v\/wp-json\/wp\/v2\/types\/page"}],"author":[{"embeddable":true,"href":"https:\/\/sofide.org\/v\/wp-json\/wp\/v2\/users\/1"}],"replies":[{"embeddable":true,"href":"https:\/\/sofide.org\/v\/wp-json\/wp\/v2\/comments?post=8616"}],"version-history":[{"count":3,"href":"https:\/\/sofide.org\/v\/wp-json\/wp\/v2\/pages\/8616\/revisions"}],"predecessor-version":[{"id":8846,"href":"https:\/\/sofide.org\/v\/wp-json\/wp\/v2\/pages\/8616\/revisions\/8846"}],"wp:featuredmedia":[{"embeddable":true,"href":"https:\/\/sofide.org\/v\/wp-json\/wp\/v2\/media\/8539"}],"wp:attachment":[{"href":"https:\/\/sofide.org\/v\/wp-json\/wp\/v2\/media?parent=8616"}],"curies":[{"name":"wp","href":"https:\/\/api.w.org\/{rel}","templated":true}]}}